{"id":22,"date":"2021-07-12T14:23:09","date_gmt":"2021-07-12T14:23:09","guid":{"rendered":"https:\/\/compocit.se\/?page_id=22"},"modified":"2025-07-05T20:29:34","modified_gmt":"2025-07-05T20:29:34","slug":"start","status":"publish","type":"page","link":"https:\/\/compocit.se\/","title":{"rendered":"Start"},"content":{"rendered":"\n<h2>\n\t\t\tV\u00e4lkommen till\t<\/h2>\n<h2>\n\t\t\tCompocit\t<\/h2>\n<h2>\n\t\t\tConsulting\t<\/h2>\n\t<h3><strong>Vi utf\u00f6r tekniska utredningar av fastigheter \u00f6ver hela Sverige<\/strong><\/h3>\n<p>&nbsp;<\/p>\n<p>&nbsp;<\/p>\n<h5>Just nu bygger vi om v\u00e5r hemsida, v\u00e4lkommen tillbaka.<\/h5>\n<h5>F\u00f6r att komma i kontakt med oss,<\/h5>\n<h5>Lars Widebeck<br \/>\nlars@compocit.se 070-783 88 70<\/h5>\n<h5>Carolina Kallum<br \/>\ncarolina@compocit.se 0708-177 400<\/h5>\n\n\n","protected":false},"excerpt":{"rendered":"<p>V\u00e4lkommen till Compocit Consulting Vi utf\u00f6r tekniska utredningar av fastigheter \u00f6ver hela Sverige &nbsp; &nbsp; Just nu bygger vi om v\u00e5r hemsida, v\u00e4lkommen tillbaka. F\u00f6r att komma i kontakt med oss, Lars Widebeck lars@compocit.se 070-783 88 70 Carolina Kallum carolina@compocit.se 0708-177 400<\/p>\n","protected":false},"author":1,"featured_media":0,"parent":0,"menu_order":0,"comment_status":"closed","ping_status":"closed","template":"","meta":{"footnotes":""},"class_list":["post-22","page","type-page","status-publish","hentry"],"yoast_head":"<!-- This site is optimized with the Yoast SEO plugin v27.4 - https:\/\/yoast.com\/product\/yoast-seo-wordpress\/ -->\n<title>Start - Compocit Consulting<\/title>\n<meta name=\"robots\" content=\"index, follow, max-snippet:-1, max-image-preview:large, max-video-preview:-1\" \/>\n<link rel=\"canonical\" href=\"https:\/\/compocit.se\/\" \/>\n<meta property=\"og:locale\" content=\"sv_SE\" \/>\n<meta property=\"og:type\" content=\"article\" \/>\n<meta property=\"og:title\" content=\"Start - Compocit Consulting\" \/>\n<meta property=\"og:description\" content=\"V\u00e4lkommen till Compocit Consulting Vi utf\u00f6r tekniska utredningar av fastigheter \u00f6ver hela Sverige &nbsp; &nbsp; Just nu bygger vi om v\u00e5r hemsida, v\u00e4lkommen tillbaka. F\u00f6r att komma i kontakt med oss, Lars Widebeck lars@compocit.se 070-783 88 70 Carolina Kallum carolina@compocit.se 0708-177 400\" \/>\n<meta property=\"og:url\" content=\"https:\/\/compocit.se\/\" \/>\n<meta property=\"og:site_name\" content=\"Compocit Consulting\" \/>\n<meta property=\"article:modified_time\" content=\"2025-07-05T20:29:34+00:00\" \/>\n<meta name=\"twitter:card\" content=\"summary_large_image\" \/>\n<meta name=\"twitter:label1\" content=\"Ber\u00e4knad l\u00e4stid\" \/>\n\t<meta name=\"twitter:data1\" content=\"1 minut\" \/>\n<script type=\"application\/ld+json\" class=\"yoast-schema-graph\">{\"@context\":\"https:\\\/\\\/schema.org\",\"@graph\":[{\"@type\":\"WebPage\",\"@id\":\"https:\\\/\\\/compocit.se\\\/\",\"url\":\"https:\\\/\\\/compocit.se\\\/\",\"name\":\"Start - Compocit Consulting\",\"isPartOf\":{\"@id\":\"https:\\\/\\\/compocit.se\\\/#website\"},\"datePublished\":\"2021-07-12T14:23:09+00:00\",\"dateModified\":\"2025-07-05T20:29:34+00:00\",\"breadcrumb\":{\"@id\":\"https:\\\/\\\/compocit.se\\\/#breadcrumb\"},\"inLanguage\":\"sv-SE\",\"potentialAction\":[{\"@type\":\"ReadAction\",\"target\":[\"https:\\\/\\\/compocit.se\\\/\"]}]},{\"@type\":\"BreadcrumbList\",\"@id\":\"https:\\\/\\\/compocit.se\\\/#breadcrumb\",\"itemListElement\":[{\"@type\":\"ListItem\",\"position\":1,\"name\":\"Hem\",\"item\":\"https:\\\/\\\/compocit.se\\\/\"},{\"@type\":\"ListItem\",\"position\":2,\"name\":\"Start\"}]},{\"@type\":\"WebSite\",\"@id\":\"https:\\\/\\\/compocit.se\\\/#website\",\"url\":\"https:\\\/\\\/compocit.se\\\/\",\"name\":\"Compocit Consulting\",\"description\":\"besiktningar och tekniska utredningar av fastigheter\",\"potentialAction\":[{\"@type\":\"SearchAction\",\"target\":{\"@type\":\"EntryPoint\",\"urlTemplate\":\"https:\\\/\\\/compocit.se\\\/?s={search_term_string}\"},\"query-input\":{\"@type\":\"PropertyValueSpecification\",\"valueRequired\":true,\"valueName\":\"search_term_string\"}}],\"inLanguage\":\"sv-SE\"}]}<\/script>\n<!-- \/ Yoast SEO plugin. -->","yoast_head_json":{"title":"Start - Compocit Consulting","robots":{"index":"index","follow":"follow","max-snippet":"max-snippet:-1","max-image-preview":"max-image-preview:large","max-video-preview":"max-video-preview:-1"},"canonical":"https:\/\/compocit.se\/","og_locale":"sv_SE","og_type":"article","og_title":"Start - Compocit Consulting","og_description":"V\u00e4lkommen till Compocit Consulting Vi utf\u00f6r tekniska utredningar av fastigheter \u00f6ver hela Sverige &nbsp; &nbsp; Just nu bygger vi om v\u00e5r hemsida, v\u00e4lkommen tillbaka. F\u00f6r att komma i kontakt med oss, Lars Widebeck lars@compocit.se 070-783 88 70 Carolina Kallum carolina@compocit.se 0708-177 400","og_url":"https:\/\/compocit.se\/","og_site_name":"Compocit Consulting","article_modified_time":"2025-07-05T20:29:34+00:00","twitter_card":"summary_large_image","twitter_misc":{"Ber\u00e4knad l\u00e4stid":"1 minut"},"schema":{"@context":"https:\/\/schema.org","@graph":[{"@type":"WebPage","@id":"https:\/\/compocit.se\/","url":"https:\/\/compocit.se\/","name":"Start - Compocit Consulting","isPartOf":{"@id":"https:\/\/compocit.se\/#website"},"datePublished":"2021-07-12T14:23:09+00:00","dateModified":"2025-07-05T20:29:34+00:00","breadcrumb":{"@id":"https:\/\/compocit.se\/#breadcrumb"},"inLanguage":"sv-SE","potentialAction":[{"@type":"ReadAction","target":["https:\/\/compocit.se\/"]}]},{"@type":"BreadcrumbList","@id":"https:\/\/compocit.se\/#breadcrumb","itemListElement":[{"@type":"ListItem","position":1,"name":"Hem","item":"https:\/\/compocit.se\/"},{"@type":"ListItem","position":2,"name":"Start"}]},{"@type":"WebSite","@id":"https:\/\/compocit.se\/#website","url":"https:\/\/compocit.se\/","name":"Compocit Consulting","description":"besiktningar och tekniska utredningar av fastigheter","potentialAction":[{"@type":"SearchAction","target":{"@type":"EntryPoint","urlTemplate":"https:\/\/compocit.se\/?s={search_term_string}"},"query-input":{"@type":"PropertyValueSpecification","valueRequired":true,"valueName":"search_term_string"}}],"inLanguage":"sv-SE"}]}},"_links":{"self":[{"href":"https:\/\/compocit.se\/index.php\/wp-json\/wp\/v2\/pages\/22","targetHints":{"allow":["GET"]}}],"collection":[{"href":"https:\/\/compocit.se\/index.php\/wp-json\/wp\/v2\/pages"}],"about":[{"href":"https:\/\/compocit.se\/index.php\/wp-json\/wp\/v2\/types\/page"}],"author":[{"embeddable":true,"href":"https:\/\/compocit.se\/index.php\/wp-json\/wp\/v2\/users\/1"}],"replies":[{"embeddable":true,"href":"https:\/\/compocit.se\/index.php\/wp-json\/wp\/v2\/comments?post=22"}],"version-history":[{"count":14,"href":"https:\/\/compocit.se\/index.php\/wp-json\/wp\/v2\/pages\/22\/revisions"}],"predecessor-version":[{"id":143,"href":"https:\/\/compocit.se\/index.php\/wp-json\/wp\/v2\/pages\/22\/revisions\/143"}],"wp:attachment":[{"href":"https:\/\/compocit.se\/index.php\/wp-json\/wp\/v2\/media?parent=22"}],"curies":[{"name":"wp","href":"https:\/\/api.w.org\/{rel}","templated":true}]}}